{"id":2,"date":"2019-08-30T08:57:41","date_gmt":"2019-08-30T06:57:41","guid":{"rendered":"https:\/\/www.ontesting.es\/?page_id=2"},"modified":"2026-02-24T13:30:06","modified_gmt":"2026-02-24T12:30:06","slug":"homepage","status":"publish","type":"page","link":"https:\/\/www.ontesting.es\/es\/","title":{"rendered":"HOMEPAGE"},"content":{"rendered":"\n\n\t<h4>Soluciones para tus proyectos<\/h4>\n<p>Est\u00e1s buscando a un equipo experimentado en qui\u00e9n confiar un proyecto importante. Y ya lo has encontrado.<\/p>\n<p>I-MAS Electr\u00f3nica es tu proveedor de soluciones <em>end-to-end<\/em> en electr\u00f3nica.<\/p>\n<p><strong>Profesionales, experimentados y con control absoluto de la producci\u00f3n. <\/strong><\/p>\n<p>&nbsp;<\/p>\n<p><strong>Bienvenido.<\/strong><\/p>\n\t<h3><strong>end-to-end<\/strong><\/h3>\n<p>Oferta integral de servicios: Conceptualizaci\u00f3n y dise\u00f1o, desarrollo de <em>hardware<\/em> y <em>software<\/em>, producci\u00f3n, ensamblaje, verificaci\u00f3n y certificaci\u00f3n. Sin subcontrataciones<\/p>\n\t<h3><strong>Soluciones a medida<\/strong><\/h3>\n<p>Creamos productos \u00fanicos dise\u00f1ados a partir de las especificaciones del cliente. Lo \u00fanico que aprovechamos de proyectos anteriores es nuestra experiencia y conocimiento.<\/p>\n\t<h3><strong>Expertos en IoT y 4.0<\/strong><\/h3>\n<p>Prestamos servicios en todos los sectores industriales, pero estamos altamente especializados en proyectos vinculados a Internet of Things y a la emergente Industria 4.0.<\/p>\n\t<h3><strong>Calidad garantizada<\/strong><\/h3>\n<p>Aplicamos un riguroso m\u00e9todo de trabajo. Desde el dise\u00f1o inicial hasta la verificaci\u00f3n final, nada se escapa de nuestro control. Testeamos el 100% de las unidades producidas.<\/p>\n\t<h3><strong>Inversiones seguras<\/strong><\/h3>\n<p>Trabajamos para ofrecer una excelente relaci\u00f3n calidad-precio a nuestros clientes. El \u00e9xito de los proyectos es el motor de crecimiento de nuestra empresa.\u00a0<\/p>\n\t<h3><strong>Trato personalizado<\/strong><\/h3>\n<p>Tratamos a nuestros clientes como nos gusta que nos traten a nosotros. Mantenemos un contacto fluido y directo durante el desarrollo de todo el proyecto.<\/p>\n\t\t\t\t\t\t\t<p>DISE\u00d1O<\/p>\n\t\t\t\t\t\t\t<p>Escuchamos al cliente y analizamos todas las posibilidades con nuestro equipo de ingenieros. Dise\u00f1amos la mejor soluci\u00f3n.<\/p>\t\t\t\t\t\t\t\t\t\t\t\t\t\n\t\t\t\t\t\t\t<p>PROTOTIPO<\/p>\n\t\t\t\t\t\t\t<p>Desarrollamos un prototipo perfecto, que cumple con el 100% de las especificaciones t\u00e9cnicas.<\/p>\t\t\t\t\t\t\t\t\t\t\t\t\t\n\t\t\t\t\t\t\t<p>CERTIFICACI\u00d3N<\/p>\n\t\t\t\t\t\t\t<p>Nosotros no certificamos pero ayudamos a nuestros clientes a superar este tr\u00e1mite para poder lanzar el producto al mercado.<\/p>\t\t\t\t\t\t\t\t\t\t\t\t\t\n\t\t\t\t\t\t\t<p>PRODUCCI\u00d3N<\/p>\n\t\t\t\t\t\t\t<p>Fabricamos en nuestra planta todas las unidades encargadas, las ensamblamos y las comprobamos una a una.\u00a0<\/p>\t\t\t\t\t\t\t\t\t\t\t\t\t\n\t\t\t\t\t\t<a href=\"https:\/\/www.ontesting.es\/index.php\/iot\/\" target=\"_self\" rel=\"noopener\">\n\t\t\t\t\t\t\t\t\t\t\t\t<img decoding=\"async\" src=\"https:\/\/www.ontesting.es\/wp-content\/uploads\/2019\/12\/home_quad_shutterstock_434588059.jpg\" alt=\"Internet of Things\" \/>\n\t\t\t\t\t\t\t\t<h3>Internet of Things<\/h3>\n\t\t\t\t\t\t\t\t\t<p>Sistemas de gesti\u00f3n remota sin cables\u00a0<\/p>\t\t\t\t\t\t\t\t\n\t\t\t\t\t\t\t\t\t\t<\/a>\n\t\t\t\t\t\t<a href=\"https:\/\/www.ontesting.es\/index.php\/automatizacion\/\" target=\"_self\" rel=\"noopener\">\n\t\t\t\t\t\t\t\t\t\t\t\t<img decoding=\"async\" src=\"https:\/\/www.ontesting.es\/wp-content\/uploads\/2019\/12\/home_quad_shutterstock_1079750261.jpg\" alt=\"Automatizaci\u00f3n\" \/>\n\t\t\t\t\t\t\t\t<h3>Automatizaci\u00f3n<\/h3>\n\t\t\t\t\t\t\t\t\t<p>Control autom\u00e1tico de maquinaria industrial\u00a0<\/p>\t\t\t\t\t\t\t\t\n\t\t\t\t\t\t\t\t\t\t<\/a>\n\t\t\t\t\t\t<a href=\"https:\/\/www.ontesting.es\/index.php\/gaming\/\" target=\"_self\" rel=\"noopener\">\n\t\t\t\t\t\t\t\t\t\t\t\t<img decoding=\"async\" src=\"https:\/\/www.ontesting.es\/wp-content\/uploads\/2019\/12\/home_quad_shutterstock_680705716.jpg\" alt=\"Integraci\u00f3n\" \/>\n\t\t\t\t\t\t\t\t<h3>Integraci\u00f3n<\/h3>\n\t\t\t\t\t\t\t\t\t<p>Electr\u00f3nica <em>embedded<\/em> de altas prestaciones<\/p>\t\t\t\t\t\t\t\t\n\t\t\t\t\t\t\t\t\t\t<\/a>\n\t\t\t\t\t\t<a href=\"https:\/\/www.ontesting.es\/index.php\/iluminacion\/\" target=\"_self\" rel=\"noopener\">\n\t\t\t\t\t\t\t\t\t\t\t\t<img decoding=\"async\" src=\"https:\/\/www.ontesting.es\/wp-content\/uploads\/2019\/12\/home_quad_shutterstock_218601637.jpg\" alt=\"Iluminaci\u00f3n LED\" \/>\n\t\t\t\t\t\t\t\t<h3>Iluminaci\u00f3n LED<\/h3>\n\t\t\t\t\t\t\t\t\t<p>Sistemas modulares de iluminaci\u00f3n remota<\/p>\t\t\t\t\t\t\t\t\n\t\t\t\t\t\t\t\t\t\t<\/a>\n\t\t\t\t\t\t<a href=\"https:\/\/www.ontesting.es\/index.php\/industrial-4-0\/\" target=\"_self\" rel=\"noopener\">\n\t\t\t\t\t\t\t\t\t\t\t\t<img decoding=\"async\" src=\"https:\/\/www.ontesting.es\/wp-content\/uploads\/2019\/12\/home_quad_shutterstock_1276654069.jpg\" alt=\"Industrial \/ 4.0\" \/>\n\t\t\t\t\t\t\t\t<h3>Industrial \/ 4.0<\/h3>\n\t\t\t\t\t\t\t\t\t<p>Dispositivos de control de alimentaci\u00f3n y presi\u00f3n<\/p>\t\t\t\t\t\t\t\t\n\t\t\t\t\t\t\t\t\t\t<\/a>\n\t\t\t\t\t\t<a href=\"https:\/\/www.ontesting.es\/index.php\/movilidad\/\" target=\"_self\" rel=\"noopener\">\n\t\t\t\t\t\t\t\t\t\t\t\t<img decoding=\"async\" src=\"https:\/\/www.ontesting.es\/wp-content\/uploads\/2019\/12\/home_quad_shutterstock_1019141671.jpg\" alt=\"Movilidad\" \/>\n\t\t\t\t\t\t\t\t<h3>Movilidad<\/h3>\n\t\t\t\t\t\t\t\t\t<p>Proyectos para el autom\u00f3vil, la movilidad y la log\u00edstica\u00a0\u00a0<\/p>\t\t\t\t\t\t\t\t\n\t\t\t\t\t\t\t\t\t\t<\/a>\n\t\t\t\t\t\t<a href=\"https:\/\/www.ontesting.es\/index.php\/salud\/\" target=\"_self\" rel=\"noopener\">\n\t\t\t\t\t\t\t\t\t\t\t\t<img decoding=\"async\" src=\"https:\/\/www.ontesting.es\/wp-content\/uploads\/2019\/12\/home_quad_shutterstock_516076327.jpg\" alt=\"Salud\" \/>\n\t\t\t\t\t\t\t\t<h3>Salud<\/h3>\n\t\t\t\t\t\t\t\t\t<p>Equipos avanzados de electromedicina<\/p>\t\t\t\t\t\t\t\t\n\t\t\t\t\t\t\t\t\t\t<\/a>\n\t\t\t\t\t\t<a href=\"https:\/\/www.ontesting.es\/index.php\/otros\/\" target=\"_self\" rel=\"noopener\">\n\t\t\t\t\t\t\t\t\t\t\t\t<img decoding=\"async\" src=\"https:\/\/www.ontesting.es\/wp-content\/uploads\/2019\/12\/home_quad_shutterstock_1331295965.jpg\" alt=\"Otros\" \/>\n\t\t\t\t\t\t\t\t<h3>Otros<\/h3>\n\t\t\t\t\t\t\t\t\t<p>Soluciones de electr\u00f3nica a medida<\/p>\t\t\t\t\t\t\t\t\n\t\t\t\t\t\t\t\t\t\t<\/a>\n\t<iframe src=\"https:\/\/www.google.com\/maps\/embed\/v1\/place?q=Ronda+de+l%27Est+79%2C+Barber%C3%A0+del+Vall%C3%A8s&#038;key=AIzaSyD09zQ9PNDNNy9TadMuzRV_UsPUoWKntt8\" aria-hidden=\"true\"><\/iframe>\n\t<h3>I-MAS ELECTR\u00d3NICA<\/h3>\nC\/ Gai\u00e0 23<br \/>\n08110 Montcada i Reixac (Barcelona)\n<a href=\"tel:+34 937 636 262\">+34 93 668 26 02<\/a><br \/>\n<a href=\"tel:+34 695 826 921\">+34 695 826 921<\/a>\n\t<h3>Env\u00edanos un mensaje<\/h3>\n\n","protected":false},"excerpt":{"rendered":"<p>Soluciones para tus proyectos Est\u00e1s buscando a un equipo experimentado en qui\u00e9n confiar un proyecto importante. Y ya lo has encontrado. I-MAS Electr\u00f3nica es tu proveedor de soluciones end-to-end en electr\u00f3nica. Profesionales, experimentados y con control absoluto de la producci\u00f3n. &nbsp; Bienvenido. end-to-end Oferta integral de servicios: Conceptualizaci\u00f3n y dise\u00f1o, desarrollo de hardware y software,&hellip;<\/p>\n","protected":false},"author":1,"featured_media":0,"parent":0,"menu_order":0,"comment_status":"closed","ping_status":"closed","template":"","meta":{"footnotes":""},"_links":{"self":[{"href":"https:\/\/www.ontesting.es\/es\/wp-json\/wp\/v2\/pages\/2"}],"collection":[{"href":"https:\/\/www.ontesting.es\/es\/wp-json\/wp\/v2\/pages"}],"about":[{"href":"https:\/\/www.ontesting.es\/es\/wp-json\/wp\/v2\/types\/page"}],"author":[{"embeddable":true,"href":"https:\/\/www.ontesting.es\/es\/wp-json\/wp\/v2\/users\/1"}],"replies":[{"embeddable":true,"href":"https:\/\/www.ontesting.es\/es\/wp-json\/wp\/v2\/comments?post=2"}],"version-history":[{"count":66,"href":"https:\/\/www.ontesting.es\/es\/wp-json\/wp\/v2\/pages\/2\/revisions"}],"predecessor-version":[{"id":586,"href":"https:\/\/www.ontesting.es\/es\/wp-json\/wp\/v2\/pages\/2\/revisions\/586"}],"wp:attachment":[{"href":"https:\/\/www.ontesting.es\/es\/wp-json\/wp\/v2\/media?parent=2"}],"curies":[{"name":"wp","href":"https:\/\/api.w.org\/{rel}","templated":true}]}}