{"id":241,"date":"2019-12-08T12:28:54","date_gmt":"2019-12-08T11:28:54","guid":{"rendered":"https:\/\/www.ontesting.es\/?page_id=241"},"modified":"2019-12-16T22:48:11","modified_gmt":"2019-12-16T21:48:11","slug":"certificacion","status":"publish","type":"page","link":"https:\/\/www.ontesting.es\/es\/certificacion\/","title":{"rendered":"CERTIFICACI\u00d3N"},"content":{"rendered":"<p>\t\t\t\t<img decoding=\"async\" src=\"https:\/\/www.ontesting.es\/wp-content\/uploads\/2019\/12\/shutterstock_1381706987.jpg\" alt=\"shutterstock_1381706987\" itemprop=\"image\"  \/><\/p>\n<h3>\n\t\tCertificaci\u00f3n<br \/>\n\t<\/h3>\n<p>Para poder vender productos el\u00e9ctrico-electr\u00f3nicos alimentados en baja tensi\u00f3n <strong>hay que demostrar el cumplimiento de normativas y legislaci\u00f3n nacionales e internacionales<\/strong>. Es lo que se conoce como certificaci\u00f3n, y el proceso para conseguirla no es simple.<\/p>\n<p>Adem\u00e1s de todos los tr\u00e1mites administrativos de solicitud, tambi\u00e9n hay que acreditar que el producto <strong>se ha desarrollado en un entorno seguro y cumpliendo con todos los requisitos de calidad<\/strong>. Y, por si fuera poco, una vez se consigue la certificaci\u00f3n hay que mantenerla, por lo que requiere un seguimiento espec\u00edfico con car\u00e1cter anual.<\/p>\n<p>En ONTESTING hemos ayudado a muchos clientes a afrontar y agilizar estos complejos tr\u00e1mites. El objetivo es que en ning\u00fan momento supongan\u00a0un freno para el lanzamiento al mercado del producto final que incluye elementos de ingenier\u00eda electr\u00f3nica.<\/p>\n<p>&nbsp;<\/p>\n<p>\t<a href=\"https:\/\/www.ontesting.es\/index.php\/contacto\/\" target=\"_self\" role=\"button\" rel=\"noopener noreferrer\"><br \/>\n\t\t\t\t\t\tTe ayudamos con la certificaci\u00f3n<br \/>\n\t\t\t\t\t<\/a><\/p>\n","protected":false},"excerpt":{"rendered":"<p>Certificaci\u00f3n Para poder vender productos el\u00e9ctrico-electr\u00f3nicos alimentados en baja tensi\u00f3n hay que demostrar el cumplimiento de normativas y legislaci\u00f3n nacionales e internacionales. Es lo que se conoce como certificaci\u00f3n, y el proceso para conseguirla no es simple. Adem\u00e1s de todos los tr\u00e1mites administrativos de solicitud, tambi\u00e9n hay que acreditar que el producto se ha desarrollado&hellip;<\/p>\n","protected":false},"author":1,"featured_media":0,"parent":0,"menu_order":0,"comment_status":"closed","ping_status":"closed","template":"","meta":{"footnotes":""},"_links":{"self":[{"href":"https:\/\/www.ontesting.es\/es\/wp-json\/wp\/v2\/pages\/241"}],"collection":[{"href":"https:\/\/www.ontesting.es\/es\/wp-json\/wp\/v2\/pages"}],"about":[{"href":"https:\/\/www.ontesting.es\/es\/wp-json\/wp\/v2\/types\/page"}],"author":[{"embeddable":true,"href":"https:\/\/www.ontesting.es\/es\/wp-json\/wp\/v2\/users\/1"}],"replies":[{"embeddable":true,"href":"https:\/\/www.ontesting.es\/es\/wp-json\/wp\/v2\/comments?post=241"}],"version-history":[{"count":7,"href":"https:\/\/www.ontesting.es\/es\/wp-json\/wp\/v2\/pages\/241\/revisions"}],"predecessor-version":[{"id":319,"href":"https:\/\/www.ontesting.es\/es\/wp-json\/wp\/v2\/pages\/241\/revisions\/319"}],"wp:attachment":[{"href":"https:\/\/www.ontesting.es\/es\/wp-json\/wp\/v2\/media?parent=241"}],"curies":[{"name":"wp","href":"https:\/\/api.w.org\/{rel}","templated":true}]}}