{"id":246,"date":"2019-12-08T12:56:42","date_gmt":"2019-12-08T11:56:42","guid":{"rendered":"https:\/\/www.ontesting.es\/?page_id=246"},"modified":"2019-12-16T22:47:49","modified_gmt":"2019-12-16T21:47:49","slug":"fabricacion","status":"publish","type":"page","link":"https:\/\/www.ontesting.es\/es\/fabricacion\/","title":{"rendered":"FABRICACION"},"content":{"rendered":"<h3>\n\t\tFabricaci\u00f3n<br \/>\n\t<\/h3>\n<p>Lo hacemos aqu\u00ed. Y no es un asunto menor. Hemos optado por fabricar los productos de nuestros clientes en una planta muy cercana a nuestras oficinas, donde podemos f\u00e1cilmente <strong>controlar los costes de producci\u00f3n con independencia del volumen de cada serie<\/strong>.<\/p>\n<p>Adem\u00e1s, esto nos permite<strong> supervisar la calidad de los materiales utilizados y reducir los plazos de entrega<\/strong> de forma substancial. Y hacer algo que nos hace diferentes de la gran mayor\u00eda de nuestros competidores: <strong>testear cada unidad<\/strong>, una a una.<\/p>\n<p>Nuestro compromiso es el de entregar un producto final perfecto, sin fallos, y en los plazos acordados con el cliente. Y s\u00f3lo podemos hacerlo con un control absoluto del proceso de fabricaci\u00f3n.<\/p>\n<p>\t<a href=\"https:\/\/www.ontesting.es\/index.php\/contacto\/\" target=\"_self\" role=\"button\" rel=\"noopener noreferrer\"><br \/>\n\t\t\t\t\t\tSolicita un presupuesto<br \/>\n\t\t\t\t\t<\/a><br \/>\n\t\t\t\t<img decoding=\"async\" src=\"https:\/\/www.ontesting.es\/wp-content\/uploads\/2019\/12\/shutterstock_1065643667.jpg\" alt=\"shutterstock_1065643667\" itemprop=\"image\"  \/><\/p>\n","protected":false},"excerpt":{"rendered":"<p>Fabricaci\u00f3n Lo hacemos aqu\u00ed. Y no es un asunto menor. Hemos optado por fabricar los productos de nuestros clientes en una planta muy cercana a nuestras oficinas, donde podemos f\u00e1cilmente controlar los costes de producci\u00f3n con independencia del volumen de cada serie. Adem\u00e1s, esto nos permite supervisar la calidad de los materiales utilizados y reducir&hellip;<\/p>\n","protected":false},"author":1,"featured_media":0,"parent":0,"menu_order":0,"comment_status":"closed","ping_status":"closed","template":"","meta":{"footnotes":""},"_links":{"self":[{"href":"https:\/\/www.ontesting.es\/es\/wp-json\/wp\/v2\/pages\/246"}],"collection":[{"href":"https:\/\/www.ontesting.es\/es\/wp-json\/wp\/v2\/pages"}],"about":[{"href":"https:\/\/www.ontesting.es\/es\/wp-json\/wp\/v2\/types\/page"}],"author":[{"embeddable":true,"href":"https:\/\/www.ontesting.es\/es\/wp-json\/wp\/v2\/users\/1"}],"replies":[{"embeddable":true,"href":"https:\/\/www.ontesting.es\/es\/wp-json\/wp\/v2\/comments?post=246"}],"version-history":[{"count":6,"href":"https:\/\/www.ontesting.es\/es\/wp-json\/wp\/v2\/pages\/246\/revisions"}],"predecessor-version":[{"id":321,"href":"https:\/\/www.ontesting.es\/es\/wp-json\/wp\/v2\/pages\/246\/revisions\/321"}],"wp:attachment":[{"href":"https:\/\/www.ontesting.es\/es\/wp-json\/wp\/v2\/media?parent=246"}],"curies":[{"name":"wp","href":"https:\/\/api.w.org\/{rel}","templated":true}]}}