{"id":42,"date":"2019-10-10T21:54:57","date_gmt":"2019-10-10T19:54:57","guid":{"rendered":"https:\/\/www.ontesting.es\/?page_id=42"},"modified":"2026-02-24T13:35:24","modified_gmt":"2026-02-24T12:35:24","slug":"quienes-somos","status":"publish","type":"page","link":"https:\/\/www.ontesting.es\/es\/quienes-somos\/","title":{"rendered":"QUIENES SOMOS"},"content":{"rendered":"\n<h3>\n\t\tNuestro equipo\n\t<\/h3>\n\t<p>I-MAS est\u00e1 actualmente integrada por nueve ingenieros altamente cualificados. La experiencia combinada de todos ellos suma m\u00e1s de un centenar de a\u00f1os en el sector de la electr\u00f3nica.<\/p>\n<p>Estamos organizados alrededor dos grandes equipos: hardware y software. Esto nos permite especializar a nuestros ingenieros pero, al mismo tiempo, afrontar todo tipo de proyectos y combinar la experiencia y el conocimiento para conseguir el mejor resultado para nuestros clientes.<\/p>\n<h3>\n\t\tNuestra historia\n\t<\/h3>\n\t<p>I-MAS naci\u00f3 en 2011 con el objetivo de atender un mercado que demandaba empresas que priorizasen la calidad, el servicio y el trato al cliente. Estos valores han acompa\u00f1ado siempre a la empresa, que ha aplicado una exigencia m\u00e1xima en todos sus proyectos.<\/p>\n<p>Esta filosof\u00eda ha llevado I-MAS a experimentar un crecimiento espectacular en facturaci\u00f3n y en n\u00famero de proyectos.<\/p>\n\n","protected":false},"excerpt":{"rendered":"<p>Nuestro equipo I-MAS est\u00e1 actualmente integrada por nueve ingenieros altamente cualificados. La experiencia combinada de todos ellos suma m\u00e1s de un centenar de a\u00f1os en el sector de la electr\u00f3nica. Estamos organizados alrededor dos grandes equipos: hardware y software. Esto nos permite especializar a nuestros ingenieros pero, al mismo tiempo, afrontar todo tipo de proyectos&hellip;<\/p>\n","protected":false},"author":1,"featured_media":0,"parent":0,"menu_order":0,"comment_status":"closed","ping_status":"closed","template":"","meta":{"footnotes":""},"_links":{"self":[{"href":"https:\/\/www.ontesting.es\/es\/wp-json\/wp\/v2\/pages\/42"}],"collection":[{"href":"https:\/\/www.ontesting.es\/es\/wp-json\/wp\/v2\/pages"}],"about":[{"href":"https:\/\/www.ontesting.es\/es\/wp-json\/wp\/v2\/types\/page"}],"author":[{"embeddable":true,"href":"https:\/\/www.ontesting.es\/es\/wp-json\/wp\/v2\/users\/1"}],"replies":[{"embeddable":true,"href":"https:\/\/www.ontesting.es\/es\/wp-json\/wp\/v2\/comments?post=42"}],"version-history":[{"count":6,"href":"https:\/\/www.ontesting.es\/es\/wp-json\/wp\/v2\/pages\/42\/revisions"}],"predecessor-version":[{"id":588,"href":"https:\/\/www.ontesting.es\/es\/wp-json\/wp\/v2\/pages\/42\/revisions\/588"}],"wp:attachment":[{"href":"https:\/\/www.ontesting.es\/es\/wp-json\/wp\/v2\/media?parent=42"}],"curies":[{"name":"wp","href":"https:\/\/api.w.org\/{rel}","templated":true}]}}