{"id":56,"date":"2019-10-10T21:56:45","date_gmt":"2019-10-10T19:56:45","guid":{"rendered":"https:\/\/www.ontesting.es\/?page_id=56"},"modified":"2019-12-16T22:46:58","modified_gmt":"2019-12-16T21:46:58","slug":"iot","status":"publish","type":"page","link":"https:\/\/www.ontesting.es\/es\/iot\/","title":{"rendered":"IoT"},"content":{"rendered":"<h3>\n\t\tInternet Of Things (IoT)<br \/>\n\t<\/h3>\n<p>\u00bfEst\u00e1s desarrollando un proyecto basado en IoT? <strong>El \u00e9xito del proyecto va a depender de la calidad y fiabilidad de las comunicaciones <em>wireless<\/em><\/strong>. Es esencial contar con un proveedor tecnol\u00f3gico con experiencia que pueda ayudarte en el desarrollo de las aplicaciones y en la integraci\u00f3n de la gesti\u00f3n remota.<\/p>\n<p>En ONTESTING tenemos experiencia en todo tipo de comunicaci\u00f3n <em>wireless<\/em>: WIFI, Bluetooth, Celular (2G, 3G, 4G\/LTE, NBIoT, CATM, 5G), LoRa, etc.<\/p>\n<p>Estas on algunas de <strong>nuestras aplicaciones m\u00e1s destacadas<\/strong>:<\/p>\n<ul>\n<li><em>Vending machines<\/em><\/li>\n<li>Monitorizaci\u00f3n remota de ascensores y elevadores<\/li>\n<li><em>Gateways<\/em> y pasarelas de comunicaci\u00f3n<\/li>\n<li>Soluciones para proyectos <em>smart cities<\/em> (SmartMeters y SmartGrid, gesti\u00f3n de riego,<em> smart parkings<\/em>, gesti\u00f3n de residuos&#8230;)<\/li>\n<li>Gesti\u00f3n inteligente del ciclo integral del agua (sistemas de gesti\u00f3n remota, digitalizaci\u00f3n y teletectura, detecci\u00f3n de fugas, gesti\u00f3n de activos&#8230;)<\/li>\n<\/ul>\n<p>\t<a href=\"https:\/\/www.ontesting.es\/index.php\/contacto\/\" target=\"_self\" role=\"button\" rel=\"noopener noreferrer\"><br \/>\n\t\t\t\t\t\tCu\u00e9ntanos tu proyecto<br \/>\n\t\t\t\t\t<\/a><br \/>\n\t\t\t\t<a href=\"https:\/\/www.ontesting.es\/wp-content\/uploads\/2019\/12\/home_quad_shutterstock_434588059.jpg\" target=\"_self\" itemprop=\"url\" rel=\"noopener noreferrer\"><br \/>\n\t\t\t\t<img decoding=\"async\" src=\"https:\/\/www.ontesting.es\/wp-content\/uploads\/2019\/12\/home_quad_shutterstock_434588059.jpg\" alt=\"home_quad_shutterstock_434588059\" itemprop=\"image\"  \/><br \/>\n\t\t\t\t<\/a><\/p>\n","protected":false},"excerpt":{"rendered":"<p>Internet Of Things (IoT) \u00bfEst\u00e1s desarrollando un proyecto basado en IoT? El \u00e9xito del proyecto va a depender de la calidad y fiabilidad de las comunicaciones wireless. Es esencial contar con un proveedor tecnol\u00f3gico con experiencia que pueda ayudarte en el desarrollo de las aplicaciones y en la integraci\u00f3n de la gesti\u00f3n remota. En ONTESTING&hellip;<\/p>\n","protected":false},"author":1,"featured_media":0,"parent":0,"menu_order":0,"comment_status":"closed","ping_status":"closed","template":"","meta":{"footnotes":""},"_links":{"self":[{"href":"https:\/\/www.ontesting.es\/es\/wp-json\/wp\/v2\/pages\/56"}],"collection":[{"href":"https:\/\/www.ontesting.es\/es\/wp-json\/wp\/v2\/pages"}],"about":[{"href":"https:\/\/www.ontesting.es\/es\/wp-json\/wp\/v2\/types\/page"}],"author":[{"embeddable":true,"href":"https:\/\/www.ontesting.es\/es\/wp-json\/wp\/v2\/users\/1"}],"replies":[{"embeddable":true,"href":"https:\/\/www.ontesting.es\/es\/wp-json\/wp\/v2\/comments?post=56"}],"version-history":[{"count":3,"href":"https:\/\/www.ontesting.es\/es\/wp-json\/wp\/v2\/pages\/56\/revisions"}],"predecessor-version":[{"id":325,"href":"https:\/\/www.ontesting.es\/es\/wp-json\/wp\/v2\/pages\/56\/revisions\/325"}],"wp:attachment":[{"href":"https:\/\/www.ontesting.es\/es\/wp-json\/wp\/v2\/media?parent=56"}],"curies":[{"name":"wp","href":"https:\/\/api.w.org\/{rel}","templated":true}]}}