{"id":58,"date":"2019-10-10T21:57:12","date_gmt":"2019-10-10T19:57:12","guid":{"rendered":"https:\/\/www.ontesting.es\/?page_id=58"},"modified":"2019-12-16T22:45:44","modified_gmt":"2019-12-16T21:45:44","slug":"industrial-4-0","status":"publish","type":"page","link":"https:\/\/www.ontesting.es\/es\/industrial-4-0\/","title":{"rendered":"INDUSTRIAL \/ 4.0"},"content":{"rendered":"<h3>\n\t\tIndustrial \/ 4.0<br \/>\n\t<\/h3>\n<p>La industria 4.0 es una nueva manera de organizar los medios de producci\u00f3n mediante una asignaci\u00f3n m\u00e1s eficiente de recursos y gracias a la \u00faltima tecnolog\u00eda. Si tu empresa est\u00e1 afrontando semejante proceso de transformaci\u00f3n digital ONTESTING puede ayudarte a <strong>integrar la tecnolog\u00eda y la innovaci\u00f3n para que tu negocio sea m\u00e1s eficiente y competitivo<\/strong>.<\/p>\n<p>Nuestros proyectos est\u00e1n orientados a aplicar las m\u00e1s innovadoras tecnolog\u00edas a procesos productivos concretos. Desarrollamos equipos que incorporan:<\/p>\n<ul>\n<li>Sistemas en <em>cloud<\/em> y con soluciones de <em>cloud computing<\/em><\/li>\n<li>Plataformas de<em> intelligent data<\/em> y <em>machine learning<\/em><\/li>\n<li>Tecnolog\u00eda 5G aplicada a la industria 4.0<\/li>\n<\/ul>\n<p>\t<a href=\"https:\/\/www.ontesting.es\/index.php\/contacto\/\" target=\"_self\" role=\"button\" rel=\"noopener noreferrer\"><br \/>\n\t\t\t\t\t\tAutomatiza tus procesos<br \/>\n\t\t\t\t\t<\/a><br \/>\n\t\t\t\t<a href=\"https:\/\/www.ontesting.es\/wp-content\/uploads\/2019\/12\/home_quad_shutterstock_1276654069.jpg\" target=\"_self\" itemprop=\"url\" rel=\"noopener noreferrer\"><br \/>\n\t\t\t\t<img decoding=\"async\" src=\"https:\/\/www.ontesting.es\/wp-content\/uploads\/2019\/12\/home_quad_shutterstock_1276654069.jpg\" alt=\"home_quad_shutterstock_1276654069\" itemprop=\"image\"  \/><br \/>\n\t\t\t\t<\/a><\/p>\n","protected":false},"excerpt":{"rendered":"<p>Industrial \/ 4.0 La industria 4.0 es una nueva manera de organizar los medios de producci\u00f3n mediante una asignaci\u00f3n m\u00e1s eficiente de recursos y gracias a la \u00faltima tecnolog\u00eda. Si tu empresa est\u00e1 afrontando semejante proceso de transformaci\u00f3n digital ONTESTING puede ayudarte a integrar la tecnolog\u00eda y la innovaci\u00f3n para que tu negocio sea m\u00e1s&hellip;<\/p>\n","protected":false},"author":1,"featured_media":0,"parent":0,"menu_order":0,"comment_status":"closed","ping_status":"closed","template":"","meta":{"footnotes":""},"_links":{"self":[{"href":"https:\/\/www.ontesting.es\/es\/wp-json\/wp\/v2\/pages\/58"}],"collection":[{"href":"https:\/\/www.ontesting.es\/es\/wp-json\/wp\/v2\/pages"}],"about":[{"href":"https:\/\/www.ontesting.es\/es\/wp-json\/wp\/v2\/types\/page"}],"author":[{"embeddable":true,"href":"https:\/\/www.ontesting.es\/es\/wp-json\/wp\/v2\/users\/1"}],"replies":[{"embeddable":true,"href":"https:\/\/www.ontesting.es\/es\/wp-json\/wp\/v2\/comments?post=58"}],"version-history":[{"count":3,"href":"https:\/\/www.ontesting.es\/es\/wp-json\/wp\/v2\/pages\/58\/revisions"}],"predecessor-version":[{"id":328,"href":"https:\/\/www.ontesting.es\/es\/wp-json\/wp\/v2\/pages\/58\/revisions\/328"}],"wp:attachment":[{"href":"https:\/\/www.ontesting.es\/es\/wp-json\/wp\/v2\/media?parent=58"}],"curies":[{"name":"wp","href":"https:\/\/api.w.org\/{rel}","templated":true}]}}