{"id":60,"date":"2019-10-10T21:57:23","date_gmt":"2019-10-10T19:57:23","guid":{"rendered":"https:\/\/www.ontesting.es\/?page_id=60"},"modified":"2019-12-16T22:44:59","modified_gmt":"2019-12-16T21:44:59","slug":"movilidad","status":"publish","type":"page","link":"https:\/\/www.ontesting.es\/es\/movilidad\/","title":{"rendered":"MOVILIDAD"},"content":{"rendered":"<h3>\n\t\tMovilidad y log\u00edstica<br \/>\n\t<\/h3>\n<p>El sector de la movilidad y de la log\u00edstica ofrece enormes m\u00e1rgenes de mejora a las empresas que operan en \u00e9l. ONTESTING ofrece una amplia gamma de sistemas de seguimiento y tracking. Desarrollamos proyectos basados en diversas tecnolog\u00edas en funci\u00f3n de los requerimientos y necesidades de los clientes. Estos son los m\u00e1s destacados:<\/p>\n<ul>\n<li>Comunicaci\u00f3n v\u00eda GPRS, 3G, 4G, CATM, NBIoT. Tecnolog\u00eda celular para exteriores con capacidad de triangular para saber localizaci\u00f3n del dispositivo. OTDOA en caso de NBIoT y CAMT.<\/li>\n<li>GPS y GNSS con diferentes precisiones y antenas para adaptarnos a cada uso posible<\/li>\n<li>Localizaci\u00f3n por WIFI y con BLE (beacons) en interiores<\/li>\n<li>Sistemas y equipos optimizados para m\u00ednimo consumo<\/li>\n<li>Sistemas para veh\u00edculos, motocicletas, bicicletas, personas\u2026<\/li>\n<li>Soluciones espec\u00edficas para cadena del frio<\/li>\n<\/ul>\n<p>Adem\u00e1s, tenemos capacidad para customizar todo el <em>hardware<\/em> del dispositivo de seguimiento, inclu\u00edda la antena y antenas LDS (Laser Direct Structure) para equipos muy reducidos. Tambi\u00e9n podemos utilizar SIM, eSIM y eSIM para monitoraje remoto desde <em>dashboard<\/em> y en plataformas <em>cloud<\/em>.<\/p>\n<p>\t<a href=\"https:\/\/www.ontesting.es\/index.php\/contacto\/\" target=\"_self\" role=\"button\" rel=\"noopener noreferrer\"><br \/>\n\t\t\t\t\t\tControla tus movimientos<br \/>\n\t\t\t\t\t<\/a><br \/>\n\t\t\t\t<a href=\"https:\/\/www.ontesting.es\/wp-content\/uploads\/2019\/12\/home_quad_shutterstock_1019141671.jpg\" target=\"_self\" itemprop=\"url\" rel=\"noopener noreferrer\"><br \/>\n\t\t\t\t<img decoding=\"async\" src=\"https:\/\/www.ontesting.es\/wp-content\/uploads\/2019\/12\/home_quad_shutterstock_1019141671.jpg\" alt=\"home_quad_shutterstock_1019141671\" itemprop=\"image\"  \/><br \/>\n\t\t\t\t<\/a><\/p>\n","protected":false},"excerpt":{"rendered":"<p>Movilidad y log\u00edstica El sector de la movilidad y de la log\u00edstica ofrece enormes m\u00e1rgenes de mejora a las empresas que operan en \u00e9l. ONTESTING ofrece una amplia gamma de sistemas de seguimiento y tracking. Desarrollamos proyectos basados en diversas tecnolog\u00edas en funci\u00f3n de los requerimientos y necesidades de los clientes. Estos son los m\u00e1s&hellip;<\/p>\n","protected":false},"author":1,"featured_media":0,"parent":0,"menu_order":0,"comment_status":"closed","ping_status":"closed","template":"","meta":{"footnotes":""},"_links":{"self":[{"href":"https:\/\/www.ontesting.es\/es\/wp-json\/wp\/v2\/pages\/60"}],"collection":[{"href":"https:\/\/www.ontesting.es\/es\/wp-json\/wp\/v2\/pages"}],"about":[{"href":"https:\/\/www.ontesting.es\/es\/wp-json\/wp\/v2\/types\/page"}],"author":[{"embeddable":true,"href":"https:\/\/www.ontesting.es\/es\/wp-json\/wp\/v2\/users\/1"}],"replies":[{"embeddable":true,"href":"https:\/\/www.ontesting.es\/es\/wp-json\/wp\/v2\/comments?post=60"}],"version-history":[{"count":5,"href":"https:\/\/www.ontesting.es\/es\/wp-json\/wp\/v2\/pages\/60\/revisions"}],"predecessor-version":[{"id":331,"href":"https:\/\/www.ontesting.es\/es\/wp-json\/wp\/v2\/pages\/60\/revisions\/331"}],"wp:attachment":[{"href":"https:\/\/www.ontesting.es\/es\/wp-json\/wp\/v2\/media?parent=60"}],"curies":[{"name":"wp","href":"https:\/\/api.w.org\/{rel}","templated":true}]}}