{"id":62,"date":"2019-10-10T21:57:32","date_gmt":"2019-10-10T19:57:32","guid":{"rendered":"https:\/\/www.ontesting.es\/?page_id=62"},"modified":"2019-12-16T22:46:04","modified_gmt":"2019-12-16T21:46:04","slug":"iluminacion","status":"publish","type":"page","link":"https:\/\/www.ontesting.es\/es\/iluminacion\/","title":{"rendered":"ILUMINACI\u00d3N"},"content":{"rendered":"<h3>\n\t\tIluminaci\u00f3n<br \/>\n\t<\/h3>\n<p>El campo de la iluminaci\u00f3n ofrecer numerosas posibilidades de automatizaci\u00f3n y gesti\u00f3n remota para la optimizaci\u00f3n de consumos. En ONTESTING, por ejemplo, tenemos capacidad para <strong>instalar sens\u00f3rica a medida en todo tipo de luminarias<\/strong>, p\u00fablicas o privadas, y optimizar funcionalidades.\u00a0Con estos sensores podemos capturar y enviar datos masivos a sistemas de clientes en <em>cloud<\/em> para su posterior an\u00e1lisis y toma de decisiones.<\/p>\n<p>Hemos trabajado en distintos <strong>proyectos de Smart Street Lighting<\/strong> que incluyen control inteligente de farolas y luminarias; comunicaci\u00f3n entre farolas por PLC y RF; e incluso transici\u00f3n a tecnolog\u00eda celular NBIoT\/CATM.<\/p>\n<p>Adem\u00e1s, nuestro laboratorio tambi\u00e9n desarrolla ingenier\u00eda para incluir en puntos de recarga de Veh\u00edculos Electricos (EV), <em>displays<\/em> de informaci\u00f3n a usuarios con monitorizaci\u00f3n remota por 4G LTE, c\u00e1maras de vigilancia, etc.<\/p>\n<p>\t<a href=\"https:\/\/www.ontesting.es\/index.php\/contacto\/\" target=\"_self\" role=\"button\" rel=\"noopener noreferrer\"><br \/>\n\t\t\t\t\t\tVamos a iluminar tu proyecto<br \/>\n\t\t\t\t\t<\/a><br \/>\n\t\t\t\t<a href=\"https:\/\/www.ontesting.es\/wp-content\/uploads\/2019\/12\/home_quad_shutterstock_218601637.jpg\" target=\"_self\" itemprop=\"url\" rel=\"noopener noreferrer\"><br \/>\n\t\t\t\t<img decoding=\"async\" src=\"https:\/\/www.ontesting.es\/wp-content\/uploads\/2019\/12\/home_quad_shutterstock_218601637.jpg\" alt=\"home_quad_shutterstock_218601637\" itemprop=\"image\"  \/><br \/>\n\t\t\t\t<\/a><\/p>\n","protected":false},"excerpt":{"rendered":"<p>Iluminaci\u00f3n El campo de la iluminaci\u00f3n ofrecer numerosas posibilidades de automatizaci\u00f3n y gesti\u00f3n remota para la optimizaci\u00f3n de consumos. En ONTESTING, por ejemplo, tenemos capacidad para instalar sens\u00f3rica a medida en todo tipo de luminarias, p\u00fablicas o privadas, y optimizar funcionalidades.\u00a0Con estos sensores podemos capturar y enviar datos masivos a sistemas de clientes en cloud&hellip;<\/p>\n","protected":false},"author":1,"featured_media":0,"parent":0,"menu_order":0,"comment_status":"closed","ping_status":"closed","template":"","meta":{"footnotes":""},"_links":{"self":[{"href":"https:\/\/www.ontesting.es\/es\/wp-json\/wp\/v2\/pages\/62"}],"collection":[{"href":"https:\/\/www.ontesting.es\/es\/wp-json\/wp\/v2\/pages"}],"about":[{"href":"https:\/\/www.ontesting.es\/es\/wp-json\/wp\/v2\/types\/page"}],"author":[{"embeddable":true,"href":"https:\/\/www.ontesting.es\/es\/wp-json\/wp\/v2\/users\/1"}],"replies":[{"embeddable":true,"href":"https:\/\/www.ontesting.es\/es\/wp-json\/wp\/v2\/comments?post=62"}],"version-history":[{"count":3,"href":"https:\/\/www.ontesting.es\/es\/wp-json\/wp\/v2\/pages\/62\/revisions"}],"predecessor-version":[{"id":327,"href":"https:\/\/www.ontesting.es\/es\/wp-json\/wp\/v2\/pages\/62\/revisions\/327"}],"wp:attachment":[{"href":"https:\/\/www.ontesting.es\/es\/wp-json\/wp\/v2\/media?parent=62"}],"curies":[{"name":"wp","href":"https:\/\/api.w.org\/{rel}","templated":true}]}}