{"id":64,"date":"2019-10-10T21:57:41","date_gmt":"2019-10-10T19:57:41","guid":{"rendered":"https:\/\/www.ontesting.es\/?page_id=64"},"modified":"2019-12-16T22:44:40","modified_gmt":"2019-12-16T21:44:40","slug":"salud","status":"publish","type":"page","link":"https:\/\/www.ontesting.es\/es\/salud\/","title":{"rendered":"SALUD"},"content":{"rendered":"<h3>\n\t\tSalud y belleza<br \/>\n\t<\/h3>\n<p>Realizamos <strong>proyectos de innovaci\u00f3n y tecnolog\u00eda de alto valor a\u00f1adido en el sector de salud y belleza<\/strong>. Una de las herramientas m\u00e1s interesantes es el Internet of Things (IOT). Mediante este sistema la informaci\u00f3n relacionada con el paciente queda almacenada en la nube y, si se comparte con el m\u00e9dico, simplifica la comunicaci\u00f3n, dinamiza la consulta y puede ayudar al profesional a tomar mejores decisiones sobre diagn\u00f3stico o tratamiento.<\/p>\n<p>Adem\u00e1s, mediante el uso de sistemas de inteligencia artificial <strong>se pueden predecir posibles anomal\u00edas<\/strong> en pacientes y anticiparse a riesgos y patolog\u00edas.<\/p>\n<p>En ONTESTING desarrollamos aplicaciones que incluyen la monitorizaci\u00f3n card\u00edaca, la monitorizaci\u00f3n infantil, la monitorizaci\u00f3n del estado f\u00edsico e incluso el control del dolor. Estos son algunos de nuestros proyectos en el campo m\u00e9dico:<\/p>\n<ul>\n<li>Sistemas de teleasistencia y equipos de localizaci\u00f3n<\/li>\n<li>Gesti\u00f3n remota de medicamentos a pacientes<\/li>\n<li>Sistemas de sens\u00f3rica y monitorizaci\u00f3n de pacientes<\/li>\n<li>Equipos portatiles de medici\u00f3n conectados (BLE, WIFI, Celular, etc)<\/li>\n<\/ul>\n<p>\t<a href=\"https:\/\/www.ontesting.es\/index.php\/contacto\/\" target=\"_self\" role=\"button\" rel=\"noopener noreferrer\"><br \/>\n\t\t\t\t\t\t\u00bfC\u00f3mo podemos ayudarte?<br \/>\n\t\t\t\t\t<\/a><br \/>\n\t\t\t\t<a href=\"https:\/\/www.ontesting.es\/wp-content\/uploads\/2019\/12\/home_quad_shutterstock_516076327.jpg\" target=\"_self\" itemprop=\"url\" rel=\"noopener noreferrer\"><br \/>\n\t\t\t\t<img decoding=\"async\" src=\"https:\/\/www.ontesting.es\/wp-content\/uploads\/2019\/12\/home_quad_shutterstock_516076327.jpg\" alt=\"home_quad_shutterstock_516076327\" itemprop=\"image\"  \/><br \/>\n\t\t\t\t<\/a><\/p>\n","protected":false},"excerpt":{"rendered":"<p>Salud y belleza Realizamos proyectos de innovaci\u00f3n y tecnolog\u00eda de alto valor a\u00f1adido en el sector de salud y belleza. Una de las herramientas m\u00e1s interesantes es el Internet of Things (IOT). Mediante este sistema la informaci\u00f3n relacionada con el paciente queda almacenada en la nube y, si se comparte con el m\u00e9dico, simplifica la&hellip;<\/p>\n","protected":false},"author":1,"featured_media":0,"parent":0,"menu_order":0,"comment_status":"closed","ping_status":"closed","template":"","meta":{"footnotes":""},"_links":{"self":[{"href":"https:\/\/www.ontesting.es\/es\/wp-json\/wp\/v2\/pages\/64"}],"collection":[{"href":"https:\/\/www.ontesting.es\/es\/wp-json\/wp\/v2\/pages"}],"about":[{"href":"https:\/\/www.ontesting.es\/es\/wp-json\/wp\/v2\/types\/page"}],"author":[{"embeddable":true,"href":"https:\/\/www.ontesting.es\/es\/wp-json\/wp\/v2\/users\/1"}],"replies":[{"embeddable":true,"href":"https:\/\/www.ontesting.es\/es\/wp-json\/wp\/v2\/comments?post=64"}],"version-history":[{"count":3,"href":"https:\/\/www.ontesting.es\/es\/wp-json\/wp\/v2\/pages\/64\/revisions"}],"predecessor-version":[{"id":332,"href":"https:\/\/www.ontesting.es\/es\/wp-json\/wp\/v2\/pages\/64\/revisions\/332"}],"wp:attachment":[{"href":"https:\/\/www.ontesting.es\/es\/wp-json\/wp\/v2\/media?parent=64"}],"curies":[{"name":"wp","href":"https:\/\/api.w.org\/{rel}","templated":true}]}}