{"id":66,"date":"2019-10-10T21:57:50","date_gmt":"2019-10-10T19:57:50","guid":{"rendered":"https:\/\/www.ontesting.es\/?page_id=66"},"modified":"2019-12-22T23:11:30","modified_gmt":"2019-12-22T22:11:30","slug":"gaming","status":"publish","type":"page","link":"https:\/\/www.ontesting.es\/es\/gaming\/","title":{"rendered":"GAMING"},"content":{"rendered":"<h3>\n\t\tIntegraci\u00f3n y gaming<br \/>\n\t<\/h3>\n<p>Desarrollamos <strong>equipos de alta integraci\u00f3n con aplicaciones en potentes procesadores y sistemas operativos<\/strong> (Linux, Android, Windows). Estamos hablando de equipos que requieren una gran capacidad de comunicaci\u00f3n y que incluyen perif\u00e9ricos de alta velocidad, y de equipos de procesamiento y tratamiento de v\u00eddeo con grandes c\u00e1lculos de procesado.<\/p>\n<p>Esto nos permite afrontar proyectos de campos tan exigentes e innovadores como el de los v\u00eddeojuegos.<\/p>\n<p>Adem\u00e1s, tambi\u00e9n <strong>integramos y reducimos el tama\u00f1o de la electr\u00f3nica en productos ya existentes para optimizar costes y prestaciones<\/strong>. Si quieres redise\u00f1ar tus equipos con la ultima tecnolog\u00eda, te ayudaremos a optimizar tanto el\u00a0 espacio como los costes de desarrollo y fabricaci\u00f3n.<\/p>\n<p>\t<a href=\"https:\/\/www.ontesting.es\/es\/index.php\/proyectos\/\" target=\"_self\" role=\"button\" rel=\"noopener noreferrer\"><br \/>\n\t\t\t\t\t\tCasos de \u00e9xito<br \/>\n\t\t\t\t\t<\/a><br \/>\n\t\t\t\t<a href=\"https:\/\/www.ontesting.es\/wp-content\/uploads\/2019\/12\/home_quad_shutterstock_680705716.jpg\" target=\"_self\" itemprop=\"url\" rel=\"noopener noreferrer\"><br \/>\n\t\t\t\t<img decoding=\"async\" src=\"https:\/\/www.ontesting.es\/wp-content\/uploads\/2019\/12\/home_quad_shutterstock_680705716.jpg\" alt=\"home_quad_shutterstock_680705716\" itemprop=\"image\"  \/><br \/>\n\t\t\t\t<\/a><\/p>\n","protected":false},"excerpt":{"rendered":"<p>Integraci\u00f3n y gaming Desarrollamos equipos de alta integraci\u00f3n con aplicaciones en potentes procesadores y sistemas operativos (Linux, Android, Windows). Estamos hablando de equipos que requieren una gran capacidad de comunicaci\u00f3n y que incluyen perif\u00e9ricos de alta velocidad, y de equipos de procesamiento y tratamiento de v\u00eddeo con grandes c\u00e1lculos de procesado. Esto nos permite afrontar&hellip;<\/p>\n","protected":false},"author":1,"featured_media":0,"parent":0,"menu_order":0,"comment_status":"closed","ping_status":"closed","template":"","meta":{"footnotes":""},"_links":{"self":[{"href":"https:\/\/www.ontesting.es\/es\/wp-json\/wp\/v2\/pages\/66"}],"collection":[{"href":"https:\/\/www.ontesting.es\/es\/wp-json\/wp\/v2\/pages"}],"about":[{"href":"https:\/\/www.ontesting.es\/es\/wp-json\/wp\/v2\/types\/page"}],"author":[{"embeddable":true,"href":"https:\/\/www.ontesting.es\/es\/wp-json\/wp\/v2\/users\/1"}],"replies":[{"embeddable":true,"href":"https:\/\/www.ontesting.es\/es\/wp-json\/wp\/v2\/comments?post=66"}],"version-history":[{"count":7,"href":"https:\/\/www.ontesting.es\/es\/wp-json\/wp\/v2\/pages\/66\/revisions"}],"predecessor-version":[{"id":383,"href":"https:\/\/www.ontesting.es\/es\/wp-json\/wp\/v2\/pages\/66\/revisions\/383"}],"wp:attachment":[{"href":"https:\/\/www.ontesting.es\/es\/wp-json\/wp\/v2\/media?parent=66"}],"curies":[{"name":"wp","href":"https:\/\/api.w.org\/{rel}","templated":true}]}}