{"id":68,"date":"2019-10-10T21:58:02","date_gmt":"2019-10-10T19:58:02","guid":{"rendered":"https:\/\/www.ontesting.es\/?page_id=68"},"modified":"2022-10-06T10:46:55","modified_gmt":"2022-10-06T08:46:55","slug":"automatizacion","status":"publish","type":"page","link":"https:\/\/www.ontesting.es\/es\/automatizacion\/","title":{"rendered":"AUTOMATIZACI\u00d3N"},"content":{"rendered":"<h3>\n\t\tAutomatizaci\u00f3n\n\t<\/h3>\n\t<p><strong>Tu empresa puede ser mucho m\u00e1s productiva automatizando procesos industriales<\/strong>. Revisa cuantos procesos se hacen manualmente en la cadena de producci\u00f3n de tu producto y <strong>buscaremos soluciones tecnol\u00f3gicas<\/strong> <strong>para optimizarlos<\/strong> y poder fabricar muchas m\u00e1s unidades en el mismo tiempo.<\/p>\n<p>En ONTESTING <strong>customizamos <em>hardware<\/em> a medida<\/strong> para clientes con todo tipo de comunicaciones a nivel industrial, tanto <em>wireless<\/em> (celular, BLE, WIFI, Lora, Modbus, etc) como cableado (Ethernet, CAN, USB, etc\u2026).<\/p>\n<p>De esta forma nuestros clientes consiguen:<\/p>\n<ul>\n<li>Reducir costes e ineficiencias<\/li>\n<li>Incrementar ingresos con nuevos servicios aportados<\/li>\n<li>Generar nuevas oportunidades y modelos de negocio<\/li>\n<\/ul>\n\t<a href=\"https:\/\/www.ontesting.es\/index.php\/contacto\/\" target=\"_self\" role=\"button\" rel=\"noopener noreferrer\">\n\t\t\t\t\t\t\u00bfQu\u00e9 proceso quieres automatizar?\n\t\t\t\t\t<\/a>\n\t\t\t\t<a href=\"https:\/\/www.ontesting.es\/wp-content\/uploads\/2019\/12\/home_quad_shutterstock_1079750261.jpg\" target=\"_self\" itemprop=\"url\" rel=\"noopener noreferrer\">\n\t\t\t\t<img decoding=\"async\" src=\"https:\/\/www.ontesting.es\/wp-content\/uploads\/2019\/12\/home_quad_shutterstock_1079750261.jpg\" alt=\"home_quad_shutterstock_1079750261\" itemprop=\"image\"  \/>\n\t\t\t\t<\/a>\n\t","protected":false},"excerpt":{"rendered":"<p>Automatizaci\u00f3n Tu empresa puede ser mucho m\u00e1s productiva automatizando procesos industriales. Revisa cuantos procesos se hacen manualmente en la cadena de producci\u00f3n de tu producto y buscaremos soluciones tecnol\u00f3gicas para optimizarlos y poder fabricar muchas m\u00e1s unidades en el mismo tiempo. En ONTESTING customizamos hardware a medida para clientes con todo tipo de comunicaciones a&hellip;<\/p>\n","protected":false},"author":1,"featured_media":0,"parent":0,"menu_order":0,"comment_status":"closed","ping_status":"closed","template":"","meta":{"footnotes":""},"_links":{"self":[{"href":"https:\/\/www.ontesting.es\/es\/wp-json\/wp\/v2\/pages\/68"}],"collection":[{"href":"https:\/\/www.ontesting.es\/es\/wp-json\/wp\/v2\/pages"}],"about":[{"href":"https:\/\/www.ontesting.es\/es\/wp-json\/wp\/v2\/types\/page"}],"author":[{"embeddable":true,"href":"https:\/\/www.ontesting.es\/es\/wp-json\/wp\/v2\/users\/1"}],"replies":[{"embeddable":true,"href":"https:\/\/www.ontesting.es\/es\/wp-json\/wp\/v2\/comments?post=68"}],"version-history":[{"count":4,"href":"https:\/\/www.ontesting.es\/es\/wp-json\/wp\/v2\/pages\/68\/revisions"}],"predecessor-version":[{"id":439,"href":"https:\/\/www.ontesting.es\/es\/wp-json\/wp\/v2\/pages\/68\/revisions\/439"}],"wp:attachment":[{"href":"https:\/\/www.ontesting.es\/es\/wp-json\/wp\/v2\/media?parent=68"}],"curies":[{"name":"wp","href":"https:\/\/api.w.org\/{rel}","templated":true}]}}