{"id":70,"date":"2019-10-10T21:58:15","date_gmt":"2019-10-10T19:58:15","guid":{"rendered":"https:\/\/www.ontesting.es\/?page_id=70"},"modified":"2019-12-16T22:44:13","modified_gmt":"2019-12-16T21:44:13","slug":"otros","status":"publish","type":"page","link":"https:\/\/www.ontesting.es\/es\/otros\/","title":{"rendered":"OTROS"},"content":{"rendered":"<h3>\n\t\tOtros<br \/>\n\t<\/h3>\n<p>Des de 2011 ONTESTING est\u00e1 ayudando a todo tipo de empresas a convertir sus proyectos tecnol\u00f3gicos en realidad. Lo hacemos <strong>integrando sistemas electr\u00f3nicos de altas prestaciones y que permiten las funcionalidades m\u00e1s complejas e innovadoras<\/strong>.<\/p>\n<p>A pesar de que tenemos varios clientes de algunos sectores concretos, <strong>afrontamos desarrollos de cualquier tipo y de cualquier \u00e1mbito productivo<\/strong>.<\/p>\n<p>Te invitamos a que nos cuentes tu idea. Despu\u00e9s la analizaremos, buscaremos la f\u00f3rmula para enriquecerla y, aplicando la tecnolog\u00eda y el conocimiento, la convertiremos en un producto de calidad con gran inter\u00e9s comercial. <strong>Y lo haremos juntos<\/strong>.<\/p>\n<p>\t<a href=\"https:\/\/www.ontesting.es\/index.php\/contacto\/\" target=\"_self\" role=\"button\" rel=\"noopener noreferrer\"><br \/>\n\t\t\t\t\t\tTu proyecto, nuestro reto<br \/>\n\t\t\t\t\t<\/a><br \/>\n\t\t\t\t<a href=\"https:\/\/www.ontesting.es\/wp-content\/uploads\/2019\/12\/home_quad_shutterstock_1331295965.jpg\" target=\"_self\" itemprop=\"url\" rel=\"noopener noreferrer\"><br \/>\n\t\t\t\t<img decoding=\"async\" src=\"https:\/\/www.ontesting.es\/wp-content\/uploads\/2019\/12\/home_quad_shutterstock_1331295965.jpg\" alt=\"home_quad_shutterstock_1331295965\" itemprop=\"image\"  \/><br \/>\n\t\t\t\t<\/a><\/p>\n","protected":false},"excerpt":{"rendered":"<p>Otros Des de 2011 ONTESTING est\u00e1 ayudando a todo tipo de empresas a convertir sus proyectos tecnol\u00f3gicos en realidad. Lo hacemos integrando sistemas electr\u00f3nicos de altas prestaciones y que permiten las funcionalidades m\u00e1s complejas e innovadoras. A pesar de que tenemos varios clientes de algunos sectores concretos, afrontamos desarrollos de cualquier tipo y de cualquier&hellip;<\/p>\n","protected":false},"author":1,"featured_media":0,"parent":0,"menu_order":0,"comment_status":"closed","ping_status":"closed","template":"","meta":{"footnotes":""},"_links":{"self":[{"href":"https:\/\/www.ontesting.es\/es\/wp-json\/wp\/v2\/pages\/70"}],"collection":[{"href":"https:\/\/www.ontesting.es\/es\/wp-json\/wp\/v2\/pages"}],"about":[{"href":"https:\/\/www.ontesting.es\/es\/wp-json\/wp\/v2\/types\/page"}],"author":[{"embeddable":true,"href":"https:\/\/www.ontesting.es\/es\/wp-json\/wp\/v2\/users\/1"}],"replies":[{"embeddable":true,"href":"https:\/\/www.ontesting.es\/es\/wp-json\/wp\/v2\/comments?post=70"}],"version-history":[{"count":3,"href":"https:\/\/www.ontesting.es\/es\/wp-json\/wp\/v2\/pages\/70\/revisions"}],"predecessor-version":[{"id":333,"href":"https:\/\/www.ontesting.es\/es\/wp-json\/wp\/v2\/pages\/70\/revisions\/333"}],"wp:attachment":[{"href":"https:\/\/www.ontesting.es\/es\/wp-json\/wp\/v2\/media?parent=70"}],"curies":[{"name":"wp","href":"https:\/\/api.w.org\/{rel}","templated":true}]}}