{"id":72,"date":"2019-10-10T21:58:31","date_gmt":"2019-10-10T19:58:31","guid":{"rendered":"https:\/\/www.ontesting.es\/?page_id=72"},"modified":"2019-12-22T15:42:30","modified_gmt":"2019-12-22T14:42:30","slug":"proyectos","status":"publish","type":"page","link":"https:\/\/www.ontesting.es\/es\/proyectos\/","title":{"rendered":"PROYECTOS"},"content":{"rendered":"<p style=\"text-align: center;\"><strong>Nos tomamos muy en serio los contratos de confidencialidad con nuestros clientes. Por este motivo, los proyectos aqu\u00ed descritos no incluyen detalles que puedan desvelar las empresas que han confiado en nosotros.<\/strong><\/p>\n<h3>\n\t\tGaming<br \/>\n\t<\/h3>\n<p><strong>ESCENARIO:<\/strong> Nuestro cliente est\u00e1 desarrollando una consola de v\u00eddeojuegos que sea un PC. O lo que es lo mismo, que los usuarios de PC puedan jugar con un terminal port\u00e1til.<\/p>\n<p><strong>SOLUCI\u00d3N:<\/strong> Realizamos el dise\u00f1o completo de la electr\u00f3nica usando como n\u00facleo del desarrollo un SOC de AMD. En el dise\u00f1o incorporamos las funcionalidades y perif\u00e9ricos t\u00edpicos de un PC de alta gama como:<\/p>\n<ul>\n<li>Memoria RAM DDR4<\/li>\n<li>Sistema de almacenamiento de estado s\u00f3lido<\/li>\n<li>USB A, MicroUSB y USB-C<\/li>\n<li>Display de 5,9 pulgadas HD<\/li>\n<\/ul>\n<p>Para el desarrollo contamos con el soporte directo de AMD introduci\u00e9ndonos en su programa de Early Adopters.<\/p>\n<p><strong>BENEFICIOS:<\/strong> El cliente consigue toda la electr\u00f3nica cumpliendo con las especificaciones y con las garant\u00edas de un proveedor local.<\/p>\n<p>\t\t\t\t<a href=\"https:\/\/www.ontesting.es\/wp-content\/uploads\/2019\/12\/screen-post-hIXmJH9xhoo-unsplash.jpg\" target=\"_self\" itemprop=\"url\" rel=\"noopener noreferrer\"><br \/>\n\t\t\t\t<img decoding=\"async\" src=\"https:\/\/www.ontesting.es\/wp-content\/uploads\/2019\/12\/screen-post-hIXmJH9xhoo-unsplash.jpg\" alt=\"screen-post-hIXmJH9xhoo-unsplash\" itemprop=\"image\"  \/><br \/>\n\t\t\t\t<\/a><\/p>\n<h3>\n\t\tBig data<br \/>\n\t<\/h3>\n<p><strong>ESCENARIO:<\/strong> Nuestro cliente es un fabricante de material necesario para el consumo de cerveza. Sus clientes son proveedores de cerveza pero necesita ofrecer un valor a\u00f1adido a su producto para diferenciarse de la competencia.<\/p>\n<p><strong>SOLUCI\u00d3N:<\/strong> Dise\u00f1amos un sistema completo de monitorizaci\u00f3n y control de las instalaciones. Gracias al despliegue de m\u00faltiples sensores distribuidos en varios elementos, se consiguen capturar datos de forma masiva.<\/p>\n<p>Esta informaci\u00f3n se recoge y transmite a una plataforma en la nube para su almacenamiento y monitorizaci\u00f3n. En \u00faltima instancia, esta estructura de big data permite tomar decisiones estrat\u00e9gicas.<\/p>\n<p><strong>BENEFICIOS:<\/strong> El cliente de ONTESTING puede ofrecer, no s\u00f3lo los materiales necesarios para realizar las instalaciones, sin\u00f3 tambi\u00e9n elementos de monitorizaci\u00f3n y control que ayudan a mejorar el conocimiento y gesti\u00f3n de las mismas.<\/p>\n<p>\t\t\t\t<a href=\"https:\/\/www.ontesting.es\/wp-content\/uploads\/2019\/12\/elevate-7omeJVzcgTE-unsplash.jpg\" target=\"_self\" itemprop=\"url\" rel=\"noopener noreferrer\"><br \/>\n\t\t\t\t<img decoding=\"async\" src=\"https:\/\/www.ontesting.es\/wp-content\/uploads\/2019\/12\/elevate-7omeJVzcgTE-unsplash.jpg\" alt=\"elevate-7omeJVzcgTE-unsplash\" itemprop=\"image\"  \/><br \/>\n\t\t\t\t<\/a><\/p>\n<h3>\n\t\tMarketing olfativo<br \/>\n\t<\/h3>\n<p><strong>ESCENARIO:<\/strong> El cliente es un fabricante de sistemas de aromatizaci\u00f3n profesionales lider en el sector dom\u00e9stico y profesional. Acude a ONTESTING con un doble objetivo: mejorar la tecnolog\u00eda para evitar interrupciones en el servicio y reducir los costes de operaciones.<\/p>\n<p><strong>SOLUCI\u00d3N:<\/strong> El trabajo se basa en el dise\u00f1o\u00a0 de un sistema completo de control y gesti\u00f3n de las m\u00e1quinas de aromatizaci\u00f3n. Estos dispositivos se van a activar de forma remota y autom\u00e1tica, a partir del uso de teconolog\u00eda y comunicaciones WIFI, Bluetooth, 2G o 4G.<\/p>\n<p><strong>BENEFICIOS:<\/strong> La nueva plataforma permite al cliente gestionar los dispositivos desde el <em>cloud<\/em>. El resultado es una optimizaci\u00f3n immediata de los costes de operaciones y del mantenimiento de las instalaciones. Sus dispositivos funcionan mucho mejor y su gesti\u00f3n es mucho m\u00e1s simple. Evidentemente, las empresas que han contratado los servicios de nuestro cliente tambi\u00e9n han notado una enorme mejor\u00eda en el servicio al caer dr\u00e1sticamente las interrupciones del mismo.<\/p>\n<p>\t\t\t\t<a href=\"https:\/\/www.ontesting.es\/wp-content\/uploads\/2019\/12\/mark-zamora-GYXz60PMgA0-unsplash.jpg\" target=\"_self\" itemprop=\"url\" rel=\"noopener noreferrer\"><br \/>\n\t\t\t\t<img decoding=\"async\" src=\"https:\/\/www.ontesting.es\/wp-content\/uploads\/2019\/12\/mark-zamora-GYXz60PMgA0-unsplash.jpg\" alt=\"mark-zamora-GYXz60PMgA0-unsplash\" itemprop=\"image\"  \/><br \/>\n\t\t\t\t<\/a><\/p>\n<h3>\n\t\tCalefacci\u00f3n inteligente<br \/>\n\t<\/h3>\n<p><strong>ESCENARIO:<\/strong> Nuestro cliente es un fabricante de radiadores el\u00e9ctricos de alta gama que necesita, de forma imperante, diferenciarse de su competencia con nuevas prestaciones de alto valor a\u00f1adido para los usuarios.<\/p>\n<p><strong>SOLUCI\u00d3N:<\/strong> Despu\u00e9s de analizar el caso y de escuchar sus necesidades, empezamos a trabajar en un sistema completo de control y monitorizaci\u00f3n de radiadores electricos modulares de alta eficiencia. El sistema dispone de comunicaciones <em>wireless<\/em>, utilizando las tecnolog\u00edas WIFI o Bluetooth. El resultado son unos radiadores mucho m\u00e1s eficientes, de menor consumo energ\u00e9tico y m\u00e1s respetuosos con el medio ambiente.<\/p>\n<p><strong>BENEFICIOS:<\/strong> Las nuevas prestaciones y funcionalidades de los radiadores situan a nuestro cliente en un nuevo escenario de mercado, en el que destaca por un producto mucho m\u00e1s acorde con los tiempos actuales. El producto ha mejorado y el prestigio de su marca se ha revalorizado.<\/p>\n<p>\t\t\t\t<a href=\"https:\/\/www.ontesting.es\/wp-content\/uploads\/2019\/12\/he-gong-2VCtLsPEaWI-unsplash.jpg\" target=\"_self\" itemprop=\"url\" rel=\"noopener noreferrer\"><br \/>\n\t\t\t\t<img decoding=\"async\" src=\"https:\/\/www.ontesting.es\/wp-content\/uploads\/2019\/12\/he-gong-2VCtLsPEaWI-unsplash.jpg\" alt=\"he-gong-2VCtLsPEaWI-unsplash\" itemprop=\"image\"  \/><br \/>\n\t\t\t\t<\/a><\/p>\n","protected":false},"excerpt":{"rendered":"<p>Nos tomamos muy en serio los contratos de confidencialidad con nuestros clientes. Por este motivo, los proyectos aqu\u00ed descritos no incluyen detalles que puedan desvelar las empresas que han confiado en nosotros. Gaming ESCENARIO: Nuestro cliente est\u00e1 desarrollando una consola de v\u00eddeojuegos que sea un PC. O lo que es lo mismo, que los usuarios&hellip;<\/p>\n","protected":false},"author":1,"featured_media":0,"parent":0,"menu_order":0,"comment_status":"closed","ping_status":"closed","template":"","meta":{"footnotes":""},"_links":{"self":[{"href":"https:\/\/www.ontesting.es\/es\/wp-json\/wp\/v2\/pages\/72"}],"collection":[{"href":"https:\/\/www.ontesting.es\/es\/wp-json\/wp\/v2\/pages"}],"about":[{"href":"https:\/\/www.ontesting.es\/es\/wp-json\/wp\/v2\/types\/page"}],"author":[{"embeddable":true,"href":"https:\/\/www.ontesting.es\/es\/wp-json\/wp\/v2\/users\/1"}],"replies":[{"embeddable":true,"href":"https:\/\/www.ontesting.es\/es\/wp-json\/wp\/v2\/comments?post=72"}],"version-history":[{"count":7,"href":"https:\/\/www.ontesting.es\/es\/wp-json\/wp\/v2\/pages\/72\/revisions"}],"predecessor-version":[{"id":364,"href":"https:\/\/www.ontesting.es\/es\/wp-json\/wp\/v2\/pages\/72\/revisions\/364"}],"wp:attachment":[{"href":"https:\/\/www.ontesting.es\/es\/wp-json\/wp\/v2\/media?parent=72"}],"curies":[{"name":"wp","href":"https:\/\/api.w.org\/{rel}","templated":true}]}}