{"id":76,"date":"2019-10-10T21:58:54","date_gmt":"2019-10-10T19:58:54","guid":{"rendered":"https:\/\/www.ontesting.es\/?page_id=76"},"modified":"2025-06-30T12:51:30","modified_gmt":"2025-06-30T10:51:30","slug":"contacto","status":"publish","type":"page","link":"https:\/\/www.ontesting.es\/es\/contacto\/","title":{"rendered":"CONTACTO"},"content":{"rendered":"\n\n\t<iframe src=\"https:\/\/www.google.com\/maps\/embed\/v1\/place?q=Ronda+de+l%27Est+79%2C+Barber%C3%A0+del+Vall%C3%A8s&#038;key=AIzaSyD09zQ9PNDNNy9TadMuzRV_UsPUoWKntt8\" aria-hidden=\"true\"><\/iframe>\n\t<h3>ONTESTING S.L.<\/h3>\nRonda de l&#8217;Est 79, 2\u00aa planta<br \/>\n08210 Barber\u00e0 del Vall\u00e8s (Barcelona)\n<a href=\"tel:+34 937 636 262\">+34 937 636 262<\/a><br \/>\n<a href=\"tel:+34 695 826 921\">+34 695 826 921<\/a>\n\t<h3>Env\u00edanos un mensaje<\/h3>\n\n","protected":false},"excerpt":{"rendered":"<p>ONTESTING S.L. Ronda de l&#8217;Est 79, 2\u00aa planta 08210 Barber\u00e0 del Vall\u00e8s (Barcelona) +34 937 636 262 +34 695 826 921 Env\u00edanos un mensaje<\/p>\n","protected":false},"author":1,"featured_media":0,"parent":0,"menu_order":0,"comment_status":"closed","ping_status":"closed","template":"","meta":{"footnotes":""},"_links":{"self":[{"href":"https:\/\/www.ontesting.es\/es\/wp-json\/wp\/v2\/pages\/76"}],"collection":[{"href":"https:\/\/www.ontesting.es\/es\/wp-json\/wp\/v2\/pages"}],"about":[{"href":"https:\/\/www.ontesting.es\/es\/wp-json\/wp\/v2\/types\/page"}],"author":[{"embeddable":true,"href":"https:\/\/www.ontesting.es\/es\/wp-json\/wp\/v2\/users\/1"}],"replies":[{"embeddable":true,"href":"https:\/\/www.ontesting.es\/es\/wp-json\/wp\/v2\/comments?post=76"}],"version-history":[{"count":21,"href":"https:\/\/www.ontesting.es\/es\/wp-json\/wp\/v2\/pages\/76\/revisions"}],"predecessor-version":[{"id":576,"href":"https:\/\/www.ontesting.es\/es\/wp-json\/wp\/v2\/pages\/76\/revisions\/576"}],"wp:attachment":[{"href":"https:\/\/www.ontesting.es\/es\/wp-json\/wp\/v2\/media?parent=76"}],"curies":[{"name":"wp","href":"https:\/\/api.w.org\/{rel}","templated":true}]}}